{"id":15,"date":"2023-01-03T04:41:29","date_gmt":"2023-01-03T04:41:29","guid":{"rendered":"https:\/\/grumsridklubb.se\/?page_id=15"},"modified":"2023-02-08T13:16:47","modified_gmt":"2023-02-08T13:16:47","slug":"ridskolan","status":"publish","type":"page","link":"https:\/\/grumsridklubb.se\/?page_id=15","title":{"rendered":"Ridskolan"},"content":{"rendered":"\n<p>Grums Ridklubb bildades 1970 och har funnits p\u00e5 samma plats sen starten, p\u00e5 h\u00f6jden vid &nbsp;Karlberg. &nbsp;Vi har ca 270 medlemmar, och varje vecka rider runt 150 elever hos oss, b\u00e5de p\u00e5 egen h\u00e4st och p\u00e5 v\u00e5ra sn\u00e4lla trevliga ridskoleh\u00e4star.<\/p>\n\n\n\n<p><\/p>\n","protected":false},"excerpt":{"rendered":"<p>Grums Ridklubb bildades 1970 och har funnits p\u00e5 samma plats sen starten, p\u00e5 h\u00f6jden vid &nbsp;Karlberg. &nbsp;Vi har ca 270 medlemmar, och varje vecka rider runt 150 elever hos oss, b\u00e5de p\u00e5 egen h\u00e4st och p\u00e5 v\u00e5ra sn\u00e4lla trevliga ridskoleh\u00e4star.<\/p>\n","protected":false},"author":1,"featured_media":0,"parent":0,"menu_order":0,"comment_status":"closed","ping_status":"closed","template":"","meta":[],"aioseo_notices":[],"_links":{"self":[{"href":"https:\/\/grumsridklubb.se\/index.php?rest_route=\/wp\/v2\/pages\/15"}],"collection":[{"href":"https:\/\/grumsridklubb.se\/index.php?rest_route=\/wp\/v2\/pages"}],"about":[{"href":"https:\/\/grumsridklubb.se\/index.php?rest_route=\/wp\/v2\/types\/page"}],"author":[{"embeddable":true,"href":"https:\/\/grumsridklubb.se\/index.php?rest_route=\/wp\/v2\/users\/1"}],"replies":[{"embeddable":true,"href":"https:\/\/grumsridklubb.se\/index.php?rest_route=%2Fwp%2Fv2%2Fcomments&post=15"}],"version-history":[{"count":3,"href":"https:\/\/grumsridklubb.se\/index.php?rest_route=\/wp\/v2\/pages\/15\/revisions"}],"predecessor-version":[{"id":266,"href":"https:\/\/grumsridklubb.se\/index.php?rest_route=\/wp\/v2\/pages\/15\/revisions\/266"}],"wp:attachment":[{"href":"https:\/\/grumsridklubb.se\/index.php?rest_route=%2Fwp%2Fv2%2Fmedia&parent=15"}],"curies":[{"name":"wp","href":"https:\/\/api.w.org\/{rel}","templated":true}]}}