{"id":182,"date":"2023-02-07T15:57:18","date_gmt":"2023-02-07T15:57:18","guid":{"rendered":"https:\/\/grumsridklubb.se\/?page_id=182"},"modified":"2024-08-23T10:00:41","modified_gmt":"2024-08-23T10:00:41","slug":"borja-rida","status":"publish","type":"page","link":"https:\/\/grumsridklubb.se\/?page_id=182","title":{"rendered":"B\u00f6rja rida"},"content":{"rendered":"\n<p>I v\u00e5r dagliga ridskoleverksamhet hittar du:<\/p>\n\n\n\n<p>Ridlekis f\u00f6r barn 3-5\u00e5r<\/p>\n\n\n\n<p>Barn-, ungdoms, och vuxengrupper f\u00f6r b\u00e5de nyb\u00f6rjare och rutinerade.<\/p>\n\n\n\n<p>Specialinriktade grupper mot hoppning eller dressyr.<\/p>\n\n\n\n<p>Tr\u00e4ningar i hoppning och dressyr f\u00f6r dej med egen h\u00e4st eller ponny<\/p>\n\n\n\n<p>F\u00f6r personer med olika typer av funktionsvariationer finns oftast m\u00f6jlighet till ridundervisning b\u00e5de enskilt och integrerat i grupp, utifr\u00e5n individens behov, f\u00f6rm\u00e5ga och \u00f6nskem\u00e5l. <\/p>\n\n\n\n<p><br><br>Kontakta oss om du vill b\u00f6rja rida.<\/p>\n\n\n\n<p><strong><mark style=\"background-color:rgba(0, 0, 0, 0)\" class=\"has-inline-color has-black-color\">Klicka <a href=\"https:\/\/forms.gle\/3YrPosqk7DLkymVa9\" title=\"\">H\u00c4R<\/a> f\u00f6r att skicka in din intresseanm\u00e4lan<\/mark><\/strong> (om du inte kan skicka in via l\u00e4nken &#8211; maila grumsridklubb@outlook.com)<\/p>\n\n\n\n<p>F\u00f6r fr\u00e5gor n\u00e5s vi via mail<br>Vi n\u00e5s l\u00e4ttast via mail grumsridklubb@outlook.com<\/p>\n\n\n\n<p><\/p>\n","protected":false},"excerpt":{"rendered":"<p>I v\u00e5r dagliga ridskoleverksamhet hittar du: Ridlekis f\u00f6r barn 3-5\u00e5r Barn-, ungdoms, och vuxengrupper f\u00f6r b\u00e5de nyb\u00f6rjare och rutinerade. Specialinriktade grupper mot hoppning eller dressyr. Tr\u00e4ningar i hoppning och dressyr f\u00f6r dej med egen h\u00e4st eller ponny F\u00f6r personer med olika typer av funktionsvariationer finns oftast m\u00f6jlighet till ridundervisning b\u00e5de enskilt och integrerat i grupp, [&hellip;]<\/p>\n","protected":false},"author":1,"featured_media":0,"parent":0,"menu_order":0,"comment_status":"closed","ping_status":"closed","template":"","meta":[],"aioseo_notices":[],"_links":{"self":[{"href":"https:\/\/grumsridklubb.se\/index.php?rest_route=\/wp\/v2\/pages\/182"}],"collection":[{"href":"https:\/\/grumsridklubb.se\/index.php?rest_route=\/wp\/v2\/pages"}],"about":[{"href":"https:\/\/grumsridklubb.se\/index.php?rest_route=\/wp\/v2\/types\/page"}],"author":[{"embeddable":true,"href":"https:\/\/grumsridklubb.se\/index.php?rest_route=\/wp\/v2\/users\/1"}],"replies":[{"embeddable":true,"href":"https:\/\/grumsridklubb.se\/index.php?rest_route=%2Fwp%2Fv2%2Fcomments&post=182"}],"version-history":[{"count":4,"href":"https:\/\/grumsridklubb.se\/index.php?rest_route=\/wp\/v2\/pages\/182\/revisions"}],"predecessor-version":[{"id":564,"href":"https:\/\/grumsridklubb.se\/index.php?rest_route=\/wp\/v2\/pages\/182\/revisions\/564"}],"wp:attachment":[{"href":"https:\/\/grumsridklubb.se\/index.php?rest_route=%2Fwp%2Fv2%2Fmedia&parent=182"}],"curies":[{"name":"wp","href":"https:\/\/api.w.org\/{rel}","templated":true}]}}