{"id":185,"date":"2023-02-07T15:57:37","date_gmt":"2023-02-07T15:57:37","guid":{"rendered":"https:\/\/grumsridklubb.se\/?page_id=185"},"modified":"2025-07-01T06:00:34","modified_gmt":"2025-07-01T06:00:34","slug":"prislista","status":"publish","type":"page","link":"https:\/\/grumsridklubb.se\/?page_id=185","title":{"rendered":"Prislista 2025"},"content":{"rendered":"\n<figure class=\"wp-block-image size-full is-resized\"><img decoding=\"async\" loading=\"lazy\" src=\"https:\/\/grumsridklubb.se\/wp-content\/uploads\/2025\/06\/image-2.png\" alt=\"\" class=\"wp-image-648\" width=\"841\" height=\"544\" srcset=\"https:\/\/grumsridklubb.se\/wp-content\/uploads\/2025\/06\/image-2.png 923w, https:\/\/grumsridklubb.se\/wp-content\/uploads\/2025\/06\/image-2-300x194.png 300w, https:\/\/grumsridklubb.se\/wp-content\/uploads\/2025\/06\/image-2-768x497.png 768w\" sizes=\"(max-width: 841px) 100vw, 841px\" \/><\/figure>\n\n\n\n<figure class=\"wp-block-image size-full\"><img decoding=\"async\" loading=\"lazy\" width=\"790\" height=\"721\" src=\"https:\/\/grumsridklubb.se\/wp-content\/uploads\/2025\/07\/image-3.png\" alt=\"\" class=\"wp-image-678\" srcset=\"https:\/\/grumsridklubb.se\/wp-content\/uploads\/2025\/07\/image-3.png 790w, https:\/\/grumsridklubb.se\/wp-content\/uploads\/2025\/07\/image-3-300x274.png 300w, https:\/\/grumsridklubb.se\/wp-content\/uploads\/2025\/07\/image-3-768x701.png 768w\" sizes=\"(max-width: 790px) 100vw, 790px\" \/><\/figure>\n\n\n\n<figure class=\"wp-block-image size-full\"><img decoding=\"async\" loading=\"lazy\" width=\"929\" height=\"134\" src=\"https:\/\/grumsridklubb.se\/wp-content\/uploads\/2025\/06\/image-5.png\" alt=\"\" class=\"wp-image-651\" srcset=\"https:\/\/grumsridklubb.se\/wp-content\/uploads\/2025\/06\/image-5.png 929w, https:\/\/grumsridklubb.se\/wp-content\/uploads\/2025\/06\/image-5-300x43.png 300w, https:\/\/grumsridklubb.se\/wp-content\/uploads\/2025\/06\/image-5-768x111.png 768w\" sizes=\"(max-width: 929px) 100vw, 929px\" \/><\/figure>\n\n\n\n<p>Medlemsavgift 2025<\/p>\n\n\n\n<p>Junior: <strong>375kr<\/strong> (f\u00f6dda 2005 och senare) <\/p>\n\n\n\n<p>Senior: <strong>525kr <\/strong>(f\u00f6dda 2004 och tidigare)<\/p>\n\n\n\n<p><strong>Lektionspriser:<\/strong><\/p>\n\n\n\n<p><strong>Mertidsridning:<\/strong><\/p>\n\n\n\n<p>Rabatt 35% f\u00f6r ridning 1 extra dag per vecka i ord. lektionsgrupp<\/p>\n\n\n\n<p>Rabatt 15% f\u00f6r ridning i vanlig lektionsgrupp f\u00f6r dej med egen h\u00e4st och fast plats p\u00e5 privattr\u00e4ning.<\/p>\n\n\n\n<p><strong>Samtliga avgifter s\u00e4tts in p\u00e5 Grums Ridklubbs pg-konto: 422548-8<\/strong><\/p>\n\n\n\n<p>M\u00e4rk din inbetalning med namn och ridtid.<\/p>\n\n\n\n<p><strong>F\u00f6r dej som vill delbetala din ridavgift: <\/strong><\/p>\n\n\n\n<p>Du kan alltid dela din terminsavgift p\u00e5 tv\u00e5 g\u00e5nger, enligt de best\u00e4mda m\u00e5nader som st\u00e5r p\u00e5 din faktura. \u00d6nskar du delbetala p\u00e5 fler g\u00e5nger?<strong><mark style=\"background-color:rgba(0, 0, 0, 0)\" class=\"has-inline-color has-black-color\"> Kontakta oss f\u00f6r att g\u00f6ra upp en avbetalningsplan.<\/mark><\/strong><\/p>\n\n\n\n<p><\/p>\n","protected":false},"excerpt":{"rendered":"<p>Medlemsavgift 2025 Junior: 375kr (f\u00f6dda 2005 och senare) Senior: 525kr (f\u00f6dda 2004 och tidigare) Lektionspriser: Mertidsridning: Rabatt 35% f\u00f6r ridning 1 extra dag per vecka i ord. lektionsgrupp Rabatt 15% f\u00f6r ridning i vanlig lektionsgrupp f\u00f6r dej med egen h\u00e4st och fast plats p\u00e5 privattr\u00e4ning. Samtliga avgifter s\u00e4tts in p\u00e5 Grums Ridklubbs pg-konto: 422548-8 M\u00e4rk [&hellip;]<\/p>\n","protected":false},"author":1,"featured_media":0,"parent":0,"menu_order":0,"comment_status":"closed","ping_status":"closed","template":"","meta":[],"aioseo_notices":[],"_links":{"self":[{"href":"https:\/\/grumsridklubb.se\/index.php?rest_route=\/wp\/v2\/pages\/185"}],"collection":[{"href":"https:\/\/grumsridklubb.se\/index.php?rest_route=\/wp\/v2\/pages"}],"about":[{"href":"https:\/\/grumsridklubb.se\/index.php?rest_route=\/wp\/v2\/types\/page"}],"author":[{"embeddable":true,"href":"https:\/\/grumsridklubb.se\/index.php?rest_route=\/wp\/v2\/users\/1"}],"replies":[{"embeddable":true,"href":"https:\/\/grumsridklubb.se\/index.php?rest_route=%2Fwp%2Fv2%2Fcomments&post=185"}],"version-history":[{"count":12,"href":"https:\/\/grumsridklubb.se\/index.php?rest_route=\/wp\/v2\/pages\/185\/revisions"}],"predecessor-version":[{"id":680,"href":"https:\/\/grumsridklubb.se\/index.php?rest_route=\/wp\/v2\/pages\/185\/revisions\/680"}],"wp:attachment":[{"href":"https:\/\/grumsridklubb.se\/index.php?rest_route=%2Fwp%2Fv2%2Fmedia&parent=185"}],"curies":[{"name":"wp","href":"https:\/\/api.w.org\/{rel}","templated":true}]}}