{"id":188,"date":"2023-02-07T15:57:55","date_gmt":"2023-02-07T15:57:55","guid":{"rendered":"https:\/\/grumsridklubb.se\/?page_id=188"},"modified":"2023-02-08T12:56:12","modified_gmt":"2023-02-08T12:56:12","slug":"personalen","status":"publish","type":"page","link":"https:\/\/grumsridklubb.se\/?page_id=188","title":{"rendered":"Personalen"},"content":{"rendered":"\n<p>H\u00e4r jobbar vi!<\/p>\n\n\n\n<p>Om du rider p\u00e5 lektion hos oss s\u00e5 kommer du rida f\u00f6r Anna-Lena, Erik, Karin eller Nathalie.<\/p>\n\n\n\n<p>I stallet jobbar Marie K och Marie S p\u00e5 vardagar.<\/p>\n\n\n\n<p>P\u00e5 kontoret tr\u00e4ffar du Anders p\u00e5 m\u00e5ndagar<\/p>\n","protected":false},"excerpt":{"rendered":"<p>H\u00e4r jobbar vi! Om du rider p\u00e5 lektion hos oss s\u00e5 kommer du rida f\u00f6r Anna-Lena, Erik, Karin eller Nathalie. I stallet jobbar Marie K och Marie S p\u00e5 vardagar. P\u00e5 kontoret tr\u00e4ffar du Anders p\u00e5 m\u00e5ndagar<\/p>\n","protected":false},"author":1,"featured_media":0,"parent":0,"menu_order":0,"comment_status":"closed","ping_status":"closed","template":"","meta":[],"aioseo_notices":[],"_links":{"self":[{"href":"https:\/\/grumsridklubb.se\/index.php?rest_route=\/wp\/v2\/pages\/188"}],"collection":[{"href":"https:\/\/grumsridklubb.se\/index.php?rest_route=\/wp\/v2\/pages"}],"about":[{"href":"https:\/\/grumsridklubb.se\/index.php?rest_route=\/wp\/v2\/types\/page"}],"author":[{"embeddable":true,"href":"https:\/\/grumsridklubb.se\/index.php?rest_route=\/wp\/v2\/users\/1"}],"replies":[{"embeddable":true,"href":"https:\/\/grumsridklubb.se\/index.php?rest_route=%2Fwp%2Fv2%2Fcomments&post=188"}],"version-history":[{"count":4,"href":"https:\/\/grumsridklubb.se\/index.php?rest_route=\/wp\/v2\/pages\/188\/revisions"}],"predecessor-version":[{"id":255,"href":"https:\/\/grumsridklubb.se\/index.php?rest_route=\/wp\/v2\/pages\/188\/revisions\/255"}],"wp:attachment":[{"href":"https:\/\/grumsridklubb.se\/index.php?rest_route=%2Fwp%2Fv2%2Fmedia&parent=188"}],"curies":[{"name":"wp","href":"https:\/\/api.w.org\/{rel}","templated":true}]}}