{"id":203,"date":"2023-02-07T16:07:44","date_gmt":"2023-02-07T16:07:44","guid":{"rendered":"https:\/\/grumsridklubb.se\/?page_id=203"},"modified":"2025-06-27T05:59:51","modified_gmt":"2025-06-27T05:59:51","slug":"stadgar-och-policydokument","status":"publish","type":"page","link":"https:\/\/grumsridklubb.se\/?page_id=203","title":{"rendered":"Stadgar och policydokument"},"content":{"rendered":"\n<p>VERKSAMHETSID\u00c9,VISION och V\u00c4RDEGRUND<\/p>\n\n\n\n<p><strong>Grums Ridklubb<\/strong><\/p>\n\n\n\n<p><strong>Verksamhetsid\u00e9<\/strong><\/p>\n\n\n\n<p>Grums Ridklubb erbjuder utbildning inom rid och h\u00e4stkunskap p\u00e5 alla niv\u00e5er. Gl\u00e4dje och gemenskap, kunskap och gott horsemanship \u00e4r vad som genomsyrar hela v\u00e5r verksamhet.<br><br><\/p>\n\n\n\n<p><strong>Vision<\/strong><\/p>\n\n\n\n<p>Oavsett \u00e5lder, kunskapsniv\u00e5, p\u00e5 skolh\u00e4st eller egen h\u00e4st, ska Grums Ridklubb vara det sj\u00e4lvklara valet f\u00f6r alla som vill utvecklas inom ridning och h\u00e4stkunskap. Grums Ridklubb ska vara en ridklubb f\u00f6r alla!<\/p>\n\n\n\n<p><strong>V\u00e4rdegrund<\/strong><\/p>\n\n\n\n<p>Grums Ridklubbs v\u00e4rdegrund utg\u00e5r fr\u00e5n Svenska Ridsportf\u00f6rbundets \u201dRidsportens ledstj\u00e4rnor\u201d som visar vad vi inom ridsporten st\u00e5r f\u00f6r och tydligg\u00f6r vad som \u00e4r viktigt f\u00f6r oss medlemmar och f\u00f6r v\u00e5ra h\u00e4star.&nbsp; V\u00e5r v\u00e4rdegrund baseras p\u00e5 tre delar:<\/p>\n\n\n\n<p>Vi str\u00e4var efter att bedriva en bred verksamhet d\u00e4r alla ska k\u00e4nna sig sedda och h\u00f6rda.<\/p>\n\n\n\n<p><strong><em>-En ridklubb f\u00f6r alla!<\/em><\/strong><\/p>\n\n\n\n<p>Vi har roligt tillsammans, b\u00e5de med och utan h\u00e4star. Alla \u00e4r v\u00e4lkomna p\u00e5 lika villkor.<\/p>\n\n\n\n<p><strong><em>-Trivsel och gemenskap!<\/em><\/strong><\/p>\n\n\n\n<p>Vi skapar m\u00f6jligheter f\u00f6r alla medlemmar att utveckla sin ridning och stimulerar ett livsl\u00e5ngt intresse f\u00f6r h\u00e4sten och ridsporten med s\u00e4kerheten i fokus.<\/p>\n\n\n\n<p><strong><em>-Utvecklas i din takt!<\/em><\/strong><strong><br><br><br><\/strong><\/p>\n\n\n\n<p>MILJ\u00d6POLICY<\/p>\n\n\n\n<p><strong>Grums Ridklubb<\/strong><\/p>\n\n\n\n<p>Grums Ridklubb (nedan f\u00f6rkortad GRK) p\u00e5b\u00f6rjade tidigt arbetet med att g\u00f6ra v\u00e5r del f\u00f6r en h\u00e5llbar h\u00e4sth\u00e5llning, social och ekonomisk h\u00e5llbarhet och f\u00f6r en framtid d\u00e4r vi tillsammans g\u00f6r v\u00e5r del f\u00f6r att hush\u00e5lla med jordens resurser.<\/p>\n\n\n\n<p>H\u00e4r nedan finner du mer v\u00e5r Milj\u00f6policy och \u00e4ven n\u00e5gra konkreta exempel p\u00e5 var vi g\u00f6r.<\/p>\n\n\n\n<p><strong>GRK f\u00f6rs\u00f6ker i m\u00f6jligaste m\u00e5n anv\u00e4nda sig av lokala aff\u00e4rer, produkter och tj\u00e4nster i verksamheten d\u00e4r det \u00e4r m\u00f6jligt f\u00f6r cafeteriaink\u00f6p, foder, str\u00f6 och g\u00f6dsel\u00e5tervinning.&nbsp;<\/strong><\/p>\n\n\n\n<p><em>(V\u00e5rt grovfoder k\u00f6ps in fr\u00e5n b\u00f6nder i v\u00e5r kommun, g\u00f6dselhanteringen tas omhand av v\u00e5r granne som i sin tur producerar matjord)<\/em><\/p>\n\n\n\n<p><strong>GRK str\u00e4var efter att minska m\u00e4ngden avfall och \u00e5tervinner det som g\u00e5r p\u00e5 ett milj\u00f6riktigt s\u00e4tt. Vi str\u00e4var efter att \u00f6ka \u00e5tervinningsgraden av v\u00e5rt avfall av tex g\u00f6dsel, h\u00f6silageplast, kartong, plast, burkar och flaskor.<\/strong><\/p>\n\n\n\n<p><em>(All plast fr\u00e5n v\u00e5ra h\u00f6silagebalar k\u00f6rs till \u00e5tervinningen, burkar och PETflaskor pantas. Vi har sopsorteringsk\u00e4rl f\u00f6r bland annat kartong, batterier, glas och konserver som i sin tur tas om hand av kommunen och g\u00e5r till \u00e5tervinning)<\/em><\/p>\n\n\n\n<p><strong>GRK str\u00e4var efter att minska energianv\u00e4ndningen.<\/strong>&nbsp;<\/p>\n\n\n\n<p><em>(Alla v\u00e5ra gamla gl\u00f6dlampor och lysr\u00f6r \u00e4r utbytta mot l\u00e5generiglampor\/LED-belysning. Vi har luftv\u00e4rmev\u00e4xlare p\u00e5 v\u00e5r cafeteria)<\/em><\/p>\n\n\n\n<p><strong>GRK uppmuntrar medlemmarna till att ta h\u00e4nsyn till v\u00e5r natur och milj\u00f6 och att inte skr\u00e4pa ned<\/strong>.<\/p>\n\n\n\n<p><em>(Soptunnor, papperskorgar och \u00e5tervinningsk\u00e4rl finns utst\u00e4llda p\u00e5 flera platser p\u00e5 anl\u00e4ggningen)<\/em><em><\/em><\/p>\n\n\n\n<p><strong>GRK str\u00e4var efter att anv\u00e4nda s\u00e5 f\u00e5 eng\u00e5ngsartiklar som m\u00f6jligt i samband med den dagliga verksamheten samt t\u00e4vlings- och l\u00e4gerverksamheten.<\/strong><\/p>\n\n\n\n<p><br><em>(Vi anv\u00e4nder tyghanddukar som tv\u00e4ttas ist\u00e4llet f\u00f6r pappershanddukar.&nbsp; Vi undviker eng\u00e5ngsmuggar och papptallrikar och har ist\u00e4llet vanligt vardagsporslin, muggar och glas p\u00e5 v\u00e5r cafeteria)<\/em><\/p>\n\n\n\n<p><strong>GRK ska uppfylla milj\u00f6lagstiftning, och f\u00f6lja f\u00f6rordningar och riktlinjer f\u00f6r milj\u00f6arbete avseende den verksamhet f\u00f6reningen bedriver.<\/strong><\/p>\n\n\n\n<p>SOCIAL POLICY<\/p>\n\n\n\n<p><strong>Grums Ridklubb<\/strong><\/p>\n\n\n\n<p>Grums Ridklubb, GRK, \u00e4r en ideell f\u00f6rening vars str\u00e4van \u00e4r att vara en ridklubb f\u00f6r alla. Vi arbetar f\u00f6r trivsel och gemenskap samt f\u00f6rs\u00f6ker stimulera ett livsl\u00e5ngt intresse f\u00f6r h\u00e4star och ridsport. F\u00f6r oss \u00e4r det viktigt att v\u00e5ra medlemmar utvecklas positivt s\u00e5v\u00e4l som fysiskt och psykiskt som socialt och kulturellt i sin idrott. Hur vi som ledare och vuxna i f\u00f6reningen agerar mot v\u00e5ra barn och ungdomar \u00e4r en viktig del i denna utveckling. Som en del i detta arbete har vi v\u00e5r sociala policy som st\u00f6d och riktlinjer f\u00f6r v\u00e5ra medlemmar.<\/p>\n\n\n\n<p><strong>Ansvar<\/strong><\/p>\n\n\n\n<p>Inom ridsporten st\u00e4lls h\u00f6ga krav p\u00e5 ansvar g\u00e4llande god s\u00e4kerhet och h\u00e4sth\u00e5llning. Varje medlem, personal och v\u00e5rdnadshavare m\u00e5ste tillsammans ta ansvar f\u00f6r h\u00e4star och utrustning, verksamheten och v\u00e4rna om varandra. &nbsp;<\/p>\n\n\n\n<p><strong>Respekt och bem\u00f6tande<\/strong><\/p>\n\n\n\n<p>Vi visar respekt gentemot varandra och v\u00e5ra h\u00e4star genom att bland annat f\u00f6lja de regler som g\u00e4ller, visa hj\u00e4lpsamhet och vara v\u00e4nliga i v\u00e5rt bem\u00f6tande mot varandra.&nbsp; I det h\u00e4r ing\u00e5r tex att lyssna p\u00e5 n\u00e4r n\u00e5gon annan pratar, att komma i tid och visa h\u00e4nsyn till varandra. Med ett hj\u00e4lpsamt s\u00e4tt visa nya medlemmar till r\u00e4tta och bem\u00f6ta andra som vi sj\u00e4lva \u00f6nskar att bli bem\u00f6tta.<\/p>\n\n\n\n<p><strong>Mobbing och diskriminering<\/strong><\/p>\n\n\n\n<p>Grums Ridklubb str\u00e4var efter att ha en god gemenskap d\u00e4r alla k\u00e4nner sig v\u00e4lkomna. Mobbing, trakasserier, sexuella anspelningar och v\u00e5ld \u00e4r helt oacceptabelt i v\u00e5r f\u00f6rening. I de fall detta \u00e4nd\u00e5 skulle f\u00f6rekomma ska detta meddelas ridskolechef, ledare eller styrelseordf\u00f6rande. Vi accepterar inte neds\u00e4ttande kommentarer eller kommentarer g\u00e4llande person, persons religion, k\u00f6n, sexuella l\u00e4ggning eller hudf\u00e4rg.<\/p>\n\n\n\n<p><strong>Sociala medier<\/strong><\/p>\n\n\n\n<p>Sociala medier \u00e4r ett fantastiskt s\u00e4tt att visa upp v\u00e5r f\u00f6rening och verksamhet. Det \u00e4r ett snabbt s\u00e4tt att n\u00e5 ut till m\u00e5nga och ger alla medlemmar och anh\u00f6riga f\u00f6rtroendet att marknadsf\u00f6ra Grums Ridklubb. H\u00e4r har alla f\u00f6rtroendet och chansen att st\u00e4rka v\u00e5rt varum\u00e4rke, skapa nya kontakter och kommunicera.<br><br>Anv\u00e4ndning av sociala medier medf\u00f6r dock \u00e4ven risker b\u00e5de f\u00f6r individer och f\u00f6r Grums Ridklubb d\u00e5 det som skrivs snabbt kan f\u00e5 spridning och vara sv\u00e5rstoppat. V\u00e5ra egna sociala mediekanaler (hemsida, facebooksgrupp samt instagram) modereras dagligen f\u00f6r att minska risken f\u00f6r p\u00e5hopp, mobbing, ryktesspridning eller annan felaktigt publicerad information.<\/p>\n\n\n\n<p>I sociala medier ej tillh\u00f6rande Grums Ridklubb (s\u00e5som bloggar, Facebook, Twitter, Youtube, hemsidor osv) har GRK ingen m\u00f6jlighet att ligga steget f\u00f6re g\u00e4llande moderering eller faktagranska de inl\u00e4gg som g\u00f6rs. \u00c4ven om debatter ska ha h\u00f6gt till tak \u00e4r det viktigt att personliga p\u00e5hopp, mobbing, ryktesspridning, spekulationer eller annan medveten spridning av felaktig information inte f\u00f6rekommer. Du \u00e4r alltid personligt ansvarig f\u00f6r det du publicerar, oavsett om du publicerat i egenskap av medlem, ledare, f\u00f6rtroendevald eller privatperson.<\/p>\n\n\n\n<p>Fotografering eller inspelning med ljud och\/eller bild \u00e4r endast till\u00e5tet om den\/de som syns eller h\u00f6rs har gett sitt tillst\u00e5nd. Fotografering eller inspelning \u00e4r aldrig till\u00e5tet i v\u00e5ra omkl\u00e4dningsrum!<\/p>\n\n\n\n<p>Anv\u00e4nd heller aldrig andras material utan till\u00e5telse.\u00a0\u00a0 \u00c4r du os\u00e4ker p\u00e5 vad du kan publicera eller skriva s\u00e5 fr\u00e5ga ridskolechef\/ n\u00e5gon av instrukt\u00f6rerna eller annan ledare eller f\u00f6rtroendevald. <br><br>I v\u00e5r verksamhet g\u00e4ller from 25-05-01 f\u00f6ljande:<\/p>\n\n\n\n<figure class=\"wp-block-image size-full\"><img decoding=\"async\" loading=\"lazy\" width=\"641\" height=\"942\" src=\"https:\/\/grumsridklubb.se\/wp-content\/uploads\/2025\/06\/image-7.png\" alt=\"\" class=\"wp-image-662\" srcset=\"https:\/\/grumsridklubb.se\/wp-content\/uploads\/2025\/06\/image-7.png 641w, https:\/\/grumsridklubb.se\/wp-content\/uploads\/2025\/06\/image-7-204x300.png 204w\" sizes=\"(max-width: 641px) 100vw, 641px\" \/><\/figure>\n\n\n\n<p><br><br><strong>Tobak<\/strong><\/p>\n\n\n\n<p>Grums Ridklubb \u00e4r en r\u00f6kfri anl\u00e4ggning d\u00e4r tobaksr\u00f6kning endast f\u00e5r ske p\u00e5 av f\u00f6reningen anvisad plats. All r\u00f6kning p\u00e5 annan plats \u00e4r f\u00f6rbjuden!<\/p>\n\n\n\n<p><strong>Alkohol, droger och dopingpreparat.<\/strong><\/p>\n\n\n\n<p>Inga alkoholhaltiga drycker f\u00e5r f\u00f6rekomma i samband med verksamhetsut\u00f6vande f\u00f6r barn och ungdom, tex under tr\u00e4ningar och t\u00e4vlingar eller resor till och fr\u00e5n dessa. Vi accepterar inte att ledare, deltagare, medf\u00f6ljande vuxen eller annan aktiv kommer p\u00e5verkade till verksamhet arrangerad av Grums Ridklubb. I de fall alkohol i undantagsfall serveras ska detta ske med st\u00f6d av styrelsebeslut. Detta kan tex vara i samband med en jubileumsfest.<\/p>\n\n\n\n<p>Allt bruk och hantering av narkotika- och dopningspreparat f\u00f6rbjudet enligt svensk lag \u00e4r sj\u00e4lvklart helt oacceptabelt i v\u00e5r f\u00f6rening.&nbsp; F\u00f6r medlemmar under 18\u00e5r som uppt\u00e4cks anv\u00e4nda f\u00f6rbjudna preparat tas kontakt med v\u00e5rdnadshavare samt ev. sociala myndigheter. F\u00f6r medlemmar kan \u00e4ven kontakt med polismyndighet ske efter enskilt samtal.<\/p>\n","protected":false},"excerpt":{"rendered":"<p>VERKSAMHETSID\u00c9,VISION och V\u00c4RDEGRUND Grums Ridklubb Verksamhetsid\u00e9 Grums Ridklubb erbjuder utbildning inom rid och h\u00e4stkunskap p\u00e5 alla niv\u00e5er. Gl\u00e4dje och gemenskap, kunskap och gott horsemanship \u00e4r vad som genomsyrar hela v\u00e5r verksamhet. Vision Oavsett \u00e5lder, kunskapsniv\u00e5, p\u00e5 skolh\u00e4st eller egen h\u00e4st, ska Grums Ridklubb vara det sj\u00e4lvklara valet f\u00f6r alla som vill utvecklas inom ridning och [&hellip;]<\/p>\n","protected":false},"author":1,"featured_media":0,"parent":174,"menu_order":0,"comment_status":"closed","ping_status":"closed","template":"","meta":[],"aioseo_notices":[],"_links":{"self":[{"href":"https:\/\/grumsridklubb.se\/index.php?rest_route=\/wp\/v2\/pages\/203"}],"collection":[{"href":"https:\/\/grumsridklubb.se\/index.php?rest_route=\/wp\/v2\/pages"}],"about":[{"href":"https:\/\/grumsridklubb.se\/index.php?rest_route=\/wp\/v2\/types\/page"}],"author":[{"embeddable":true,"href":"https:\/\/grumsridklubb.se\/index.php?rest_route=\/wp\/v2\/users\/1"}],"replies":[{"embeddable":true,"href":"https:\/\/grumsridklubb.se\/index.php?rest_route=%2Fwp%2Fv2%2Fcomments&post=203"}],"version-history":[{"count":3,"href":"https:\/\/grumsridklubb.se\/index.php?rest_route=\/wp\/v2\/pages\/203\/revisions"}],"predecessor-version":[{"id":663,"href":"https:\/\/grumsridklubb.se\/index.php?rest_route=\/wp\/v2\/pages\/203\/revisions\/663"}],"up":[{"embeddable":true,"href":"https:\/\/grumsridklubb.se\/index.php?rest_route=\/wp\/v2\/pages\/174"}],"wp:attachment":[{"href":"https:\/\/grumsridklubb.se\/index.php?rest_route=%2Fwp%2Fv2%2Fmedia&parent=203"}],"curies":[{"name":"wp","href":"https:\/\/api.w.org\/{rel}","templated":true}]}}