{"id":207,"date":"2023-02-07T16:09:13","date_gmt":"2023-02-07T16:09:13","guid":{"rendered":"https:\/\/grumsridklubb.se\/?page_id=207"},"modified":"2025-03-07T16:05:02","modified_gmt":"2025-03-07T16:05:02","slug":"ridhusregler","status":"publish","type":"page","link":"https:\/\/grumsridklubb.se\/?page_id=207","title":{"rendered":"Anl\u00e4ggningsregler"},"content":{"rendered":"\n<p>Du som anv\u00e4nder v\u00e5r anl\u00e4ggning \u00e4r sj\u00e4lv ansvarig f\u00f6r att veta vilka regler som g\u00e4ller.<\/p>\n\n\n\n<p>Ev. skador p\u00e5 anl\u00e4ggningen ers\u00e4tts av anl\u00e4ggningshyraren. Det \u00e4r viktigt att du meddelar n\u00e5gon i personalen direkt i samband med att n\u00e5got g\u00e5tt s\u00f6nder.<\/p>\n\n\n\n<p>Godk\u00e4nd ridhj\u00e4lm ska b\u00e4ras vid all ridning, longering, t\u00f6mk\u00f6rning och l\u00f6shoppning.<\/p>\n\n\n\n<p>F\u00f6r omyndig elev m\u00e5ste en vuxen finnas med p\u00e5 marken vid all hoppning, longering och t\u00f6mk\u00f6rning.<\/p>\n\n\n\n<p>T\u00e4nk p\u00e5 att mocka efter dej, b\u00e5de efter ridning samt parkeringen. Du kan \u00e4ven beh\u00f6va kratta, tex efter hoppning eller longering.<\/p>\n\n\n\n<p>H\u00f6rnet vid H i ridhuset f\u00e5r anv\u00e4ndas till att h\u00e4nga kl\u00e4der, g\u00f6ra iordning sin h\u00e4st etc. St\u00e5 s\u00e5 l\u00e5ngt inne i h\u00f6rnet som m\u00f6jligt och f\u00f6rs\u00f6k att skynda dej f\u00f6r att inte st\u00f6ra ridningen f\u00f6r de andra ekipagen mer \u00e4n n\u00f6dv\u00e4ndigt. Antalet fotfolk i manegen ska h\u00e5llas nere! Anv\u00e4nd l\u00e4ktaren i f\u00f6rsta hand.<\/p>\n\n\n\n<p>Transporter\/h\u00e4stlastbilar parkeras s\u00e5 n\u00e4ra det g\u00e5r d\u00e4r platsen f\u00f6r g\u00f6dsel finns p\u00e5 parkeringen.<\/p>\n\n\n\n<p><strong>BOKNING F\u00d6R DIG SOM BETALT ANL\u00c4GGNINGSHYRA<\/strong><\/p>\n\n\n\n<p>Anl\u00e4ggningshyran, som g\u00e4ller f\u00f6r ridhus och utebanorna, \u00e4r personlig och avser 1 h\u00e4st\/ryttare. (En del har fler \u00e4n en anl\u00e4ggningshyra) N\u00e4r du har l\u00f6st din anl\u00e4ggningshyra samt medlemsavgift \u00e4r du v\u00e4lkommen att boka.<\/p>\n\n\n\n<p>Ridhuset f\u00e5r man bara boka 1h i taget per anl\u00e4ggningshyra. Bokning ska ske senast 24h f\u00f6re aktuell tid p\u00e5 manegeschemat som h\u00e4nger p\u00e5 f\u00f6nstret mot kontoret (ing\u00e5ng mot cafeteria\/toaletten). L\u00e4gg g\u00e4rna ut bild p\u00e5 din bokning i v\u00e5r messengergrupp.<\/p>\n\n\n\n<p>Vita om\u00e4rkta f\u00e4lt \u00e4r tider du kan boka i ridhuset. Markera med vad du ska g\u00f6ra ex ungh\u00e4st, longering. Detta f\u00e5r inte utnyttjas som en f\u00f6rev\u00e4ndning f\u00f6r att f\u00f6rs\u00f6ka st\u00e4nga andra ute ur ridhuset. N\u00e4r du har bokat ta ett kort p\u00e5 manegeschemat och l\u00e4gg ut p\u00e5 GRK:s messengergrupp.&nbsp;Kan du inte anv\u00e4nda din bokningstid ska tiden strykas s\u00e5 fort som m\u00f6jligt. Vid sena \u00e5terbud, meddela i v\u00e5r messengergrupp s\u00e5 andra vet att tiden \u00e4r ledig.<\/p>\n\n\n\n<p>Bokning medf\u00f6r ej ensamr\u00e4tt \u2013 du har inte r\u00e4tt att neka andra att komma in och rida.<\/p>\n\n\n\n<p>Ridning f\u00f6r tr\u00e4nare, hoppning, longering\/t\u00f6mk\u00f6rning f\u00e5r endast ske p\u00e5 bokad tid, ej i paus. Hoppning sker enligt anvisningar fr\u00e5n TR.<\/p>\n\n\n\n<p>L\u00f6shoppning f\u00e5r endast ske i ridskolans regi, kontakta oss grumsridklubb@outlook.com<\/p>\n\n\n\n<p>Inga h\u00e4star f\u00e5r sl\u00e4ppas l\u00f6sa i ridhuset eller p\u00e5 ridbanorna ute.<\/p>\n\n\n\n<p><strong>DU SOM \u00c4R MEDLEM MEN EJ L\u00d6ST ANL\u00c4GGNINGSHYRA<\/strong><\/p>\n\n\n\n<p>Som medlem kan du v\u00e4lja att betala&nbsp;per g\u00e5ng du \u00e4r p\u00e5 anl\u00e4ggningen (ridhus och utebanor).&nbsp;<\/p>\n\n\n\n<p>Detta betalas p\u00e5 plats via Swish, QR-kod finns i ridhuset och ryttarg\u00e5ngen. M\u00e4rk med namn och datum.&nbsp;&nbsp;Du betalar n\u00e4r du kommer fram till ridskolan innan du b\u00f6rjar rida.<\/p>\n\n\n\n<p>Du har r\u00e4tt att rida i paustider samt vita f\u00e4lt ej disponerade av ridskolan i ridhuset och p\u00e5 utebanorna.&nbsp;<\/p>\n\n\n\n<p>Du har inte r\u00e4tt att boka anl\u00e4ggningen.<\/p>\n\n\n\n<p><strong>RIDSKOLAN&nbsp;<\/strong><\/p>\n\n\n\n<p>Alla f\u00e4rgade f\u00e4lt eller f\u00e4lt markerade med ridskolan\/manegev\u00e5rd \u00e4r tid du som privatryttare inte f\u00e5r g\u00e5 in.\u00a0 D\u00e5 har ridskolan sin verksamhet. \u00a0Vi reserverar oss f\u00f6r sena \u00e4ndringar! Vid sena \u00e4ndringar l\u00e4gger vi ut detta i v\u00e5r messengergrupp.<\/p>\n\n\n\n<p><strong>PAUS<\/strong><\/p>\n\n\n\n<p>OBS! Kontrollera att ingen lektion p\u00e5g\u00e5r i manegen innan du g\u00e5r in i ryttarg\u00e5ngen. (ex. genom att fr\u00e5ga i stallet eller cafeterian)&nbsp;Detta f\u00f6r att minska olycksrisken!&nbsp;<\/p>\n\n\n\n<p>I f\u00e4lt m\u00e4rkta med PAUS \u00e4r du v\u00e4lkommen att rida, men inte f\u00f6r tr\u00e4nare, inte longera\/t\u00f6mk\u00f6ra eller hoppa. I paustid \u00e4r det heller inte till\u00e5tet att enbart leda sin h\u00e4st. (fram\/avskrittning f\u00f6r hand \u00e4r okej)<br>Pausen \u00e4r ledig tid f\u00f6r alla som betalar anl\u00e4ggningshyra (per g\u00e5ng eller hela terminen) och \u00e4r inte bokningsbar tid. Hinder och annat material kan st\u00e5 framme i paus f\u00f6r lektionerna.&nbsp; T\u00e4nk p\u00e5 att du avslutar din ridning och l\u00e4mnar manegen n\u00e4r lektionsh\u00e4starna kommer in f\u00f6r lektionsstart.<\/p>\n\n\n\n<p>Vid behov k\u00f6r vi v\u00e4rmepannan innan\/mellan lektionerna.<\/p>\n\n\n\n<p>T\u00e4nk p\u00e5 att l\u00e4sa reglerna f\u00f6r ridhuset! Dessa sitter p\u00e5 v\u00e4ggen i h\u00f6rnet vid H.<\/p>\n\n\n\n<p>Hj\u00e4lp varandra om n\u00e5gon \u00e4r os\u00e4ker p\u00e5 vad som g\u00e4ller.<\/p>\n\n\n\n<p><\/p>\n\n\n\n<p><strong>HYRTIDER<\/strong><\/p>\n\n\n\n<p>L\u00f6rdag kv\u00e4ll finns tider att hyra. Hyra = fullst\u00e4ndig ensamr\u00e4tt.<\/p>\n\n\n\n<p>Hyrtid f\u00f6r dej med anl\u00e4ggningshyra kostar 80kr extra. Bokas p\u00e5 grumsridklubb@outlook.com &nbsp;innan torsdag 18:00, d\u00e4refter sl\u00e4pps tiderna fritt f\u00f6r bokning. F\u00f6r dej utan anl\u00e4ggningshyra kostar en hyrtid 130 kr + 250kr.<\/p>\n\n\n\n<p>Ridskolan kommer markera att tiden \u00e4r&nbsp;HYRD&nbsp;och inte bara bokad s\u00e5 inga missf\u00f6rst\u00e5nd sker ang\u00e5ende ensamr\u00e4tt.<\/p>\n\n\n\n<p><strong>RIDNING F\u00d6R TR\u00c4NARE<\/strong><\/p>\n\n\n\n<p>Privatryttare f\u00e5r tr\u00e4na f\u00f6r valfri tr\u00e4nare. Tr\u00e4naren f\u00e5r ha h\u00f6gst 2 ekipage\/g\u00e5ng max tv\u00e5 tillf\u00e4llen per m\u00e5nad. F-skattesedel kr\u00e4vs av tr\u00e4nare som ej avl\u00f6nas av Grums Ridklubb.&nbsp;<br><br>Fr o m 17\/9 2012: Alla tr\u00e4ningar f\u00f6r valfri tr\u00e4nare som klubbens t\u00e4vlingsryttare vill g\u00f6ra kan meddelas ridskolans kontor i god tid s\u00e5 avbokning p\u00e5 manegeschemat kan g\u00f6ras. Detta medf\u00f6r ensamr\u00e4tt.<\/p>\n\n\n\n<p>Fr\u00e5n och med HT2013 s\u00e5 tillkommer en bokningsavgift p\u00e5 50 kr\/ekipage vid tr\u00e4ning f\u00f6r externa tr\u00e4nare som betalas in till Grums Ridklubbs pg i samband med tr\u00e4ningen.<\/p>\n\n\n\n<p><strong>RIDNING P\u00c5 TERR\u00c4NGBANAN<\/strong><br>F\u00f6rfr\u00e5gan om att rida p\u00e5 terr\u00e4ngbanan m\u00e5ste\u00a0alltid\u00a0g\u00f6ras till n\u00e5gon av ridskolans ridl\u00e4rare f\u00f6r godk\u00e4nnande innan ridning sker. Detta f\u00f6r att dagsformen p\u00e5 terr\u00e4ngbanan avg\u00f6r tilltr\u00e4de.<\/p>\n\n\n\n<p>F\u00f6r att f\u00e5 rida p\u00e5 terr\u00e4ngbanan beh\u00f6ver du delta i n\u00e5gon av Grums Ridklubbs tr\u00e4ningar eller inneha GR\u00d6NT KORT F\u00c4LTT\u00c4VLAN. Du m\u00e5ste ha n\u00e5gon med dej, ingen f\u00e5r rida ensam p\u00e5 terr\u00e4ngbanan.<\/p>\n\n\n\n<p>Anl\u00e4ggningshyra\/Hyra per g\u00e5ng kr\u00e4vs.<\/p>\n\n\n\n<p><\/p>\n","protected":false},"excerpt":{"rendered":"<p>Du som anv\u00e4nder v\u00e5r anl\u00e4ggning \u00e4r sj\u00e4lv ansvarig f\u00f6r att veta vilka regler som g\u00e4ller. Ev. skador p\u00e5 anl\u00e4ggningen ers\u00e4tts av anl\u00e4ggningshyraren. Det \u00e4r viktigt att du meddelar n\u00e5gon i personalen direkt i samband med att n\u00e5got g\u00e5tt s\u00f6nder. Godk\u00e4nd ridhj\u00e4lm ska b\u00e4ras vid all ridning, longering, t\u00f6mk\u00f6rning och l\u00f6shoppning. F\u00f6r omyndig elev m\u00e5ste en [&hellip;]<\/p>\n","protected":false},"author":1,"featured_media":0,"parent":178,"menu_order":0,"comment_status":"closed","ping_status":"closed","template":"","meta":[],"aioseo_notices":[],"_links":{"self":[{"href":"https:\/\/grumsridklubb.se\/index.php?rest_route=\/wp\/v2\/pages\/207"}],"collection":[{"href":"https:\/\/grumsridklubb.se\/index.php?rest_route=\/wp\/v2\/pages"}],"about":[{"href":"https:\/\/grumsridklubb.se\/index.php?rest_route=\/wp\/v2\/types\/page"}],"author":[{"embeddable":true,"href":"https:\/\/grumsridklubb.se\/index.php?rest_route=\/wp\/v2\/users\/1"}],"replies":[{"embeddable":true,"href":"https:\/\/grumsridklubb.se\/index.php?rest_route=%2Fwp%2Fv2%2Fcomments&post=207"}],"version-history":[{"count":15,"href":"https:\/\/grumsridklubb.se\/index.php?rest_route=\/wp\/v2\/pages\/207\/revisions"}],"predecessor-version":[{"id":603,"href":"https:\/\/grumsridklubb.se\/index.php?rest_route=\/wp\/v2\/pages\/207\/revisions\/603"}],"up":[{"embeddable":true,"href":"https:\/\/grumsridklubb.se\/index.php?rest_route=\/wp\/v2\/pages\/178"}],"wp:attachment":[{"href":"https:\/\/grumsridklubb.se\/index.php?rest_route=%2Fwp%2Fv2%2Fmedia&parent=207"}],"curies":[{"name":"wp","href":"https:\/\/api.w.org\/{rel}","templated":true}]}}