{"id":37,"date":"2023-01-03T07:54:05","date_gmt":"2023-01-03T07:54:05","guid":{"rendered":"https:\/\/grumsridklubb.se\/?page_id=37"},"modified":"2023-02-08T13:02:13","modified_gmt":"2023-02-08T13:02:13","slug":"hastarna","status":"publish","type":"page","link":"https:\/\/grumsridklubb.se\/?page_id=37","title":{"rendered":"H\u00e4starna"},"content":{"rendered":"\n<p>I v\u00e5r ridskoleverksamhet finns i dagsl\u00e4get 16st h\u00e4star. <\/p>\n\n\n\n<p>De \u00e4r f\u00f6rdelade p\u00e5 ungef\u00e4r h\u00e4lften ponnyer\/ h\u00e4lften h\u00e4star. <br>Fram\u00f6ver kommer det finnas en presentation f\u00f6r varje h\u00e4st.<\/p>\n\n\n<ul class=\"wp-block-latest-posts__list wp-block-latest-posts has-medium-font-size\"><\/ul>\n\n\n<h2><\/h2>\n\n\n\n<p><\/p>\n\n\n\n<p><\/p>\n","protected":false},"excerpt":{"rendered":"<p>I v\u00e5r ridskoleverksamhet finns i dagsl\u00e4get 16st h\u00e4star. De \u00e4r f\u00f6rdelade p\u00e5 ungef\u00e4r h\u00e4lften ponnyer\/ h\u00e4lften h\u00e4star. Fram\u00f6ver kommer det finnas en presentation f\u00f6r varje h\u00e4st.<\/p>\n","protected":false},"author":1,"featured_media":0,"parent":0,"menu_order":0,"comment_status":"closed","ping_status":"closed","template":"","meta":[],"aioseo_notices":[],"_links":{"self":[{"href":"https:\/\/grumsridklubb.se\/index.php?rest_route=\/wp\/v2\/pages\/37"}],"collection":[{"href":"https:\/\/grumsridklubb.se\/index.php?rest_route=\/wp\/v2\/pages"}],"about":[{"href":"https:\/\/grumsridklubb.se\/index.php?rest_route=\/wp\/v2\/types\/page"}],"author":[{"embeddable":true,"href":"https:\/\/grumsridklubb.se\/index.php?rest_route=\/wp\/v2\/users\/1"}],"replies":[{"embeddable":true,"href":"https:\/\/grumsridklubb.se\/index.php?rest_route=%2Fwp%2Fv2%2Fcomments&post=37"}],"version-history":[{"count":7,"href":"https:\/\/grumsridklubb.se\/index.php?rest_route=\/wp\/v2\/pages\/37\/revisions"}],"predecessor-version":[{"id":260,"href":"https:\/\/grumsridklubb.se\/index.php?rest_route=\/wp\/v2\/pages\/37\/revisions\/260"}],"wp:attachment":[{"href":"https:\/\/grumsridklubb.se\/index.php?rest_route=%2Fwp%2Fv2%2Fmedia&parent=37"}],"curies":[{"name":"wp","href":"https:\/\/api.w.org\/{rel}","templated":true}]}}