{"id":496,"date":"2024-03-12T19:07:50","date_gmt":"2024-03-12T19:07:50","guid":{"rendered":"https:\/\/grumsridklubb.se\/?page_id=496"},"modified":"2026-02-27T17:51:30","modified_gmt":"2026-02-27T17:51:30","slug":"arsmote-2024","status":"publish","type":"page","link":"https:\/\/grumsridklubb.se\/?page_id=496","title":{"rendered":"\u00c5rsm\u00f6te 2026"},"content":{"rendered":"\n<p>H\u00e4r finns l\u00e4nkar till dokument f\u00f6r \u00e5rsm\u00f6tet 2026<\/p>\n\n\n\n<div class=\"wp-block-file\"><a id=\"wp-block-file--media-f60c57e8-3295-4791-9781-4e2269f3c2a5\" href=\"https:\/\/grumsridklubb.se\/wp-content\/uploads\/2026\/02\/FOREDRAGNINGSLISTA-TILL-ARSMOTE-2026.pdf\" target=\"_blank\" rel=\"noreferrer noopener\">F\u00d6REDRAGNINGSLISTA TILL \u00c5RSM\u00d6TE 2026<\/a><\/div>\n\n\n\n<div class=\"wp-block-file\"><a id=\"wp-block-file--media-1562df83-e0ab-4584-9fe5-fdcbdbcec238\" href=\"https:\/\/grumsridklubb.se\/wp-content\/uploads\/2026\/02\/Verksamhetsberattelse-2025.pdf\" target=\"_blank\" rel=\"noreferrer noopener\">Verksamhetsber\u00e4ttelse 2025<\/a><\/div>\n\n\n\n<div class=\"wp-block-file\"><a id=\"wp-block-file--media-065871fb-44ef-49a4-b731-5007c984761e\" href=\"https:\/\/grumsridklubb.se\/wp-content\/uploads\/2026\/02\/Verksamhetsberattelse-TAVLINGSKOMMITTEN-2025.pdf\" target=\"_blank\" rel=\"noreferrer noopener\">Verksamhetsber\u00e4ttelse T\u00c4VLINGSKOMMITT\u00c9N 2025<\/a><\/div>\n\n\n\n<div class=\"wp-block-file\"><a id=\"wp-block-file--media-34a99e2d-a781-4fc7-a765-b14d5fa3b80d\" href=\"https:\/\/grumsridklubb.se\/wp-content\/uploads\/2026\/02\/VERKSAMHETSPLAN-GRUMS-RIDKLUBB-2026.pdf\" target=\"_blank\" rel=\"noreferrer noopener\">VERKSAMHETSPLAN GRUMS RIDKLUBB 2026<\/a><\/div>\n\n\n\n<div class=\"wp-block-file\"><a id=\"wp-block-file--media-1562df83-e0ab-4584-9fe5-fdcbdbcec238\" href=\"https:\/\/grumsridklubb.se\/wp-content\/uploads\/2026\/02\/StagdarGRK2020-faststalld-210328.pdf\" target=\"_blank\" rel=\"noreferrer noopener\">StagdarGRK2020-faststalld-210328<\/a><\/div>\n\n\n\n<p><\/p>\n","protected":false},"excerpt":{"rendered":"<p>H\u00e4r finns l\u00e4nkar till dokument f\u00f6r \u00e5rsm\u00f6tet 2026<\/p>\n","protected":false},"author":1,"featured_media":0,"parent":174,"menu_order":6,"comment_status":"closed","ping_status":"closed","template":"","meta":[],"aioseo_notices":[],"_links":{"self":[{"href":"https:\/\/grumsridklubb.se\/index.php?rest_route=\/wp\/v2\/pages\/496"}],"collection":[{"href":"https:\/\/grumsridklubb.se\/index.php?rest_route=\/wp\/v2\/pages"}],"about":[{"href":"https:\/\/grumsridklubb.se\/index.php?rest_route=\/wp\/v2\/types\/page"}],"author":[{"embeddable":true,"href":"https:\/\/grumsridklubb.se\/index.php?rest_route=\/wp\/v2\/users\/1"}],"replies":[{"embeddable":true,"href":"https:\/\/grumsridklubb.se\/index.php?rest_route=%2Fwp%2Fv2%2Fcomments&post=496"}],"version-history":[{"count":7,"href":"https:\/\/grumsridklubb.se\/index.php?rest_route=\/wp\/v2\/pages\/496\/revisions"}],"predecessor-version":[{"id":746,"href":"https:\/\/grumsridklubb.se\/index.php?rest_route=\/wp\/v2\/pages\/496\/revisions\/746"}],"up":[{"embeddable":true,"href":"https:\/\/grumsridklubb.se\/index.php?rest_route=\/wp\/v2\/pages\/174"}],"wp:attachment":[{"href":"https:\/\/grumsridklubb.se\/index.php?rest_route=%2Fwp%2Fv2%2Fmedia&parent=496"}],"curies":[{"name":"wp","href":"https:\/\/api.w.org\/{rel}","templated":true}]}}