{"id":58,"date":"2023-01-03T08:24:21","date_gmt":"2023-01-03T08:24:21","guid":{"rendered":"https:\/\/grumsridklubb.se\/?page_id=58"},"modified":"2023-02-08T12:59:11","modified_gmt":"2023-02-08T12:59:11","slug":"stallplats","status":"publish","type":"page","link":"https:\/\/grumsridklubb.se\/?page_id=58","title":{"rendered":"Stallplats"},"content":{"rendered":"\n<p>P\u00e5 ridskolan finns i dagsl\u00e4get plats f\u00f6r totalt fyra privatuppstallade h\u00e4star.<\/p>\n\n\n\n<p>F\u00f6rfr\u00e5gningar om stallplats g\u00f6rs l\u00e4ttast via mail grumsridklubb@telia.com<\/p>\n\n\n\n<h1 id=\"ContentStart\"><\/h1>\n","protected":false},"excerpt":{"rendered":"<p>P\u00e5 ridskolan finns i dagsl\u00e4get plats f\u00f6r totalt fyra privatuppstallade h\u00e4star. F\u00f6rfr\u00e5gningar om stallplats g\u00f6rs l\u00e4ttast via mail grumsridklubb@telia.com<\/p>\n","protected":false},"author":1,"featured_media":0,"parent":0,"menu_order":0,"comment_status":"closed","ping_status":"closed","template":"","meta":[],"aioseo_notices":[],"_links":{"self":[{"href":"https:\/\/grumsridklubb.se\/index.php?rest_route=\/wp\/v2\/pages\/58"}],"collection":[{"href":"https:\/\/grumsridklubb.se\/index.php?rest_route=\/wp\/v2\/pages"}],"about":[{"href":"https:\/\/grumsridklubb.se\/index.php?rest_route=\/wp\/v2\/types\/page"}],"author":[{"embeddable":true,"href":"https:\/\/grumsridklubb.se\/index.php?rest_route=\/wp\/v2\/users\/1"}],"replies":[{"embeddable":true,"href":"https:\/\/grumsridklubb.se\/index.php?rest_route=%2Fwp%2Fv2%2Fcomments&post=58"}],"version-history":[{"count":2,"href":"https:\/\/grumsridklubb.se\/index.php?rest_route=\/wp\/v2\/pages\/58\/revisions"}],"predecessor-version":[{"id":259,"href":"https:\/\/grumsridklubb.se\/index.php?rest_route=\/wp\/v2\/pages\/58\/revisions\/259"}],"wp:attachment":[{"href":"https:\/\/grumsridklubb.se\/index.php?rest_route=%2Fwp%2Fv2%2Fmedia&parent=58"}],"curies":[{"name":"wp","href":"https:\/\/api.w.org\/{rel}","templated":true}]}}